{"id":113,"date":"2015-07-24T15:06:31","date_gmt":"2015-07-24T13:06:31","guid":{"rendered":"http:\/\/blog.lesolutions.de\/?page_id=113"},"modified":"2017-03-06T21:04:55","modified_gmt":"2017-03-06T20:04:55","slug":"support","status":"publish","type":"page","link":"https:\/\/lesolutions.de\/?page_id=113","title":{"rendered":"Support"},"content":{"rendered":"<h3>Fernwartung<\/h3>\n<p>TeamViewer IT-Support herunterladen und starten (es muss nichts installiert werden).<\/p>\n<p><a title=\"IT-Support\" href=\"https:\/\/get.teamviewer.com\/lecon\"><img loading=\"lazy\" decoding=\"async\" class=\"alignnone size-full wp-image-114\" src=\"https:\/\/lesolutions.de\/wp-content\/uploads\/2015\/07\/tv0.png\" alt=\"IT-Support\" width=\"234\" height=\"60\" \/><\/a><\/p>\n<p>Dem Support-Mitarbeiter nach dem Teamviewerstart Ihre-ID mitteilen.<\/p>\n<p><img loading=\"lazy\" decoding=\"async\" class=\"alignnone size-medium wp-image-151\" src=\"https:\/\/lesolutions.de\/wp-content\/uploads\/2015\/11\/tv2-222x300.png\" alt=\"tv2\" width=\"222\" height=\"300\" srcset=\"https:\/\/lesolutions.de\/wp-content\/uploads\/2015\/11\/tv2-222x300.png 222w, https:\/\/lesolutions.de\/wp-content\/uploads\/2015\/11\/tv2.png 282w\" sizes=\"auto, (max-width: 222px) 100vw, 222px\" \/><\/p>\n<p>Der Supportmitarbeiter kann sich auf Ihren Desktop verbinden und Ihnen behilflich sein. Sie sehen alle Arbeitsschritte, die er ausf\u00fchrt. Wenn Sie den TeamViewer schlie\u00dfen, wird die Verbindung beendet und kann ohne Ihr Zutun auch nicht wieder ge\u00f6ffnet werden.<\/p>\n","protected":false},"excerpt":{"rendered":"<p>Fernwartung TeamViewer IT-Support herunterladen und starten (es muss nichts installiert werden). Dem Support-Mitarbeiter nach dem Teamviewerstart Ihre-ID mitteilen. Der Supportmitarbeiter kann sich auf Ihren Desktop verbinden und Ihnen behilflich sein. Sie sehen alle Arbeitsschritte, die er ausf\u00fchrt. Wenn Sie den <a class=\"more-link\" href=\"https:\/\/lesolutions.de\/?page_id=113\">Weiterlesen&#8230;<\/a><\/p>\n","protected":false},"author":1,"featured_media":0,"parent":0,"menu_order":0,"comment_status":"closed","ping_status":"closed","template":"","meta":{"footnotes":""},"class_list":["post-113","page","type-page","status-publish","hentry"],"_links":{"self":[{"href":"https:\/\/lesolutions.de\/index.php?rest_route=\/wp\/v2\/pages\/113","targetHints":{"allow":["GET"]}}],"collection":[{"href":"https:\/\/lesolutions.de\/index.php?rest_route=\/wp\/v2\/pages"}],"about":[{"href":"https:\/\/lesolutions.de\/index.php?rest_route=\/wp\/v2\/types\/page"}],"author":[{"embeddable":true,"href":"https:\/\/lesolutions.de\/index.php?rest_route=\/wp\/v2\/users\/1"}],"replies":[{"embeddable":true,"href":"https:\/\/lesolutions.de\/index.php?rest_route=%2Fwp%2Fv2%2Fcomments&post=113"}],"version-history":[{"count":4,"href":"https:\/\/lesolutions.de\/index.php?rest_route=\/wp\/v2\/pages\/113\/revisions"}],"predecessor-version":[{"id":152,"href":"https:\/\/lesolutions.de\/index.php?rest_route=\/wp\/v2\/pages\/113\/revisions\/152"}],"wp:attachment":[{"href":"https:\/\/lesolutions.de\/index.php?rest_route=%2Fwp%2Fv2%2Fmedia&parent=113"}],"curies":[{"name":"wp","href":"https:\/\/api.w.org\/{rel}","templated":true}]}}